{"id":729,"date":"2023-02-03T03:31:57","date_gmt":"2023-02-03T11:31:57","guid":{"rendered":"http:\/\/www.themetrovancouver.com\/snet\/home\/"},"modified":"2023-06-08T21:42:06","modified_gmt":"2023-06-09T04:42:06","slug":"home","status":"publish","type":"page","link":"https:\/\/access.amssa.org\/fr\/","title":{"rendered":"Maison"},"content":{"rendered":"\t\t<div data-elementor-type=\"wp-page\" data-elementor-id=\"729\" class=\"elementor elementor-729 elementor-11\">\n\t\t\t\t\t\t<section class=\"elementor-section elementor-top-section elementor-element elementor-element-bc857d6 signup-btn-row elementor-section-stretched elementor-section-boxed elementor-section-height-default elementor-section-height-default\" data-id=\"bc857d6\" data-element_type=\"section\" data-e-type=\"section\" data-settings=\"{&quot;stretch_section&quot;:&quot;section-stretched&quot;}\">\n\t\t\t\t\t\t\t<div class=\"elementor-background-overlay\"><\/div>\n\t\t\t\t\t\t\t<div class=\"elementor-container elementor-column-gap-default\">\n\t\t\t\t\t<div class=\"elementor-column elementor-col-100 elementor-top-column elementor-element elementor-element-be29559\" data-id=\"be29559\" data-element_type=\"column\" data-e-type=\"column\">\n\t\t\t<div class=\"elementor-widget-wrap elementor-element-populated\">\n\t\t\t\t\t\t<div class=\"elementor-element elementor-element-94f6d00 text-box elementor-widget elementor-widget-text-editor\" data-id=\"94f6d00\" data-element_type=\"widget\" data-e-type=\"widget\" data-widget_type=\"text-editor.default\">\n\t\t\t\t<div class=\"elementor-widget-container\">\n\t\t\t\t\t\t\t\t\t<div class=\"home-slider\"><div class=\"slide-item\">\n\t\t\t\t\t<div class=\"left-sec\"><h5>Le trait d\u2019union entre les<\/h5>\n<h1 style=\"font-size: 50px !important;\">Services d\u2019\u00e9tablissement de la C.-B.<\/h1>\n<p>R\u00e9seau-Info sur l\u2019\u00e9tablissement est une base de donn\u00e9es qui fournit au secteur de l\u2019\u00e9tablissement des informations et des ressources fiables et opportunes sur l\u2019immigration, la r\u00e9installation et la migration.<\/p>\n<p><a class=\"button\" href=\"\/register\/\">S\u2019INSCRIRE<\/a><\/p>\n<\/div><div class=\"right-sec\"><div class=\"slider-image\"><img fetchpriority=\"high\" decoding=\"async\" width=\"1120\" height=\"484\" src=\"https:\/\/access.amssa.org\/wp-content\/uploads\/2023\/02\/AMSSA-Access-Banner-updated.png\" class=\"attachment-full size-full wp-post-image\" alt=\"\" srcset=\"https:\/\/access.amssa.org\/wp-content\/uploads\/2023\/02\/AMSSA-Access-Banner-updated.png 1120w, https:\/\/access.amssa.org\/wp-content\/uploads\/2023\/02\/AMSSA-Access-Banner-updated-300x130.png 300w, https:\/\/access.amssa.org\/wp-content\/uploads\/2023\/02\/AMSSA-Access-Banner-updated-1024x443.png 1024w, https:\/\/access.amssa.org\/wp-content\/uploads\/2023\/02\/AMSSA-Access-Banner-updated-768x332.png 768w\" sizes=\"(max-width: 1120px) 100vw, 1120px\" \/><\/div><\/div><\/div><\/div>\t\t\t\t\t\t\t\t<\/div>\n\t\t\t\t<\/div>\n\t\t\t\t\t<\/div>\n\t\t<\/div>\n\t\t\t\t\t<\/div>\n\t\t<\/section>\n\t\t\t\t<section class=\"elementor-section elementor-top-section elementor-element elementor-element-261111c login-form-box elementor-section-stretched elementor-section-boxed elementor-section-height-default elementor-section-height-default\" data-id=\"261111c\" data-element_type=\"section\" data-e-type=\"section\" data-settings=\"{&quot;stretch_section&quot;:&quot;section-stretched&quot;}\">\n\t\t\t\t\t\t<div class=\"elementor-container elementor-column-gap-default\">\n\t\t\t\t\t<div class=\"elementor-column elementor-col-100 elementor-top-column elementor-element elementor-element-a0056f9\" data-id=\"a0056f9\" data-element_type=\"column\" data-e-type=\"column\">\n\t\t\t<div class=\"elementor-widget-wrap elementor-element-populated\">\n\t\t\t\t\t\t<div class=\"elementor-element elementor-element-2f15d25 small-container box-shadow elementor-widget elementor-widget-text-editor\" data-id=\"2f15d25\" data-element_type=\"widget\" data-e-type=\"widget\" data-widget_type=\"text-editor.default\">\n\t\t\t\t<div class=\"elementor-widget-container\">\n\t\t\t\t\t\t\t\t\t<h5>VOUS AVEZ UN COMPTE?<\/h5>\n<div class=\"wpforms-container wpforms-container-full\" id=\"wpforms-108\"><form id=\"wpforms-form-108\" class=\"wpforms-validate wpforms-form wpforms-ajax-form\" data-formid=\"108\" method=\"post\" enctype=\"multipart\/form-data\" action=\"\/fr\/wp-json\/wp\/v2\/pages\/729\" data-token=\"3af43ca2e14aff7829b30b40bb4cdb97\" data-token-time=\"1777659633\"><noscript class=\"wpforms-error-noscript\">Veuillez activer JavaScript dans votre navigateur pour remplir ce formulaire.<\/noscript><div class=\"wpforms-field-container\"><div id=\"wpforms-108-field_0-container\" class=\"wpforms-field wpforms-field-text\" data-field-id=\"0\"><label class=\"wpforms-field-label wpforms-label-hide\" for=\"wpforms-108-field_0\">Nom d\u2019utilisateur <span class=\"wpforms-required-label\">*<\/span><\/label><input type=\"text\" id=\"wpforms-108-field_0\" class=\"wpforms-field-large wpforms-field-required\" name=\"wpforms[fields][0]\" placeholder=\"Nom d\u2019utilisateur\" required><\/div><div id=\"wpforms-108-field_1-container\" class=\"wpforms-field wpforms-field-password\" data-field-id=\"1\"><label class=\"wpforms-field-label wpforms-label-hide\" for=\"wpforms-108-field_1\">Mot de passe <span class=\"wpforms-required-label\">*<\/span><\/label><input type=\"password\" id=\"wpforms-108-field_1\" class=\"wpforms-field-large wpforms-field-required\" name=\"wpforms[fields][1]\" placeholder=\"Mot de passe\" spellcheck=\"false\" required><\/div><div id=\"wpforms-108-field_2-container\" class=\"wpforms-field wpforms-field-checkbox\" data-field-id=\"2\"><label class=\"wpforms-field-label wpforms-label-hide\">Se souvenir de moi<\/label><ul id=\"wpforms-108-field_2\"><li class=\"choice-0 depth-1\"><input type=\"checkbox\" id=\"wpforms-108-field_2_0\" name=\"wpforms[fields][2][]\" value=\"Se souvenir de moi\"  ><label class=\"wpforms-field-label-inline\" for=\"wpforms-108-field_2_0\">Se souvenir de moi<\/label><\/li><\/ul><\/div><\/div><!-- .wpforms-field-container --><div class=\"wpforms-submit-container\" ><input type=\"hidden\" name=\"wpforms[id]\" value=\"108\"><input type=\"hidden\" name=\"page_title\" value=\"\"><input type=\"hidden\" name=\"page_url\" value=\"https:\/\/access.amssa.org\/fr\/wp-json\/wp\/v2\/pages\/729\"><input type=\"hidden\" name=\"url_referer\" value=\"\"><button type=\"submit\" name=\"wpforms[submit]\" id=\"wpforms-submit-108\" class=\"wpforms-submit\" aria-live=\"assertive\" value=\"wpforms-submit\">Connexion<\/button><img decoding=\"async\" src=\"https:\/\/access.amssa.org\/wp-content\/plugins\/wpforms\/assets\/images\/submit-spin.svg\" class=\"wpforms-submit-spinner\" style=\"display: none;\" width=\"26\" height=\"26\" alt=\"Chargement en cours\"><\/div><\/form><\/div>  <!-- .wpforms-container -->\n<a class=\"forgot-pass\" href=\"\/wp-login.php?action=lostpassword\">Vous avez oubli\u00e9 votre mot de passe?<\/a> <a class=\"create-account\" href=\"\/fr\/register\/\">Cr\u00e9er un compte<\/a>\t\t\t\t\t\t\t\t<\/div>\n\t\t\t\t<\/div>\n\t\t\t\t\t<\/div>\n\t\t<\/div>\n\t\t\t\t\t<\/div>\n\t\t<\/section>\n\t\t\t\t<section class=\"elementor-section elementor-top-section elementor-element elementor-element-d2324c2 supported-by-panel elementor-section-stretched elementor-section-boxed elementor-section-height-default elementor-section-height-default\" data-id=\"d2324c2\" data-element_type=\"section\" data-e-type=\"section\" data-settings=\"{&quot;stretch_section&quot;:&quot;section-stretched&quot;,&quot;background_background&quot;:&quot;classic&quot;,&quot;shape_divider_top&quot;:&quot;waves&quot;,&quot;shape_divider_top_negative&quot;:&quot;yes&quot;}\">\n\t\t\t\t\t<div class=\"elementor-shape elementor-shape-top\" aria-hidden=\"true\" data-negative=\"true\">\n\t\t\t<svg xmlns=\"http:\/\/www.w3.org\/2000\/svg\" viewBox=\"0 0 1000 100\" preserveAspectRatio=\"none\">\n\t<path class=\"elementor-shape-fill\" d=\"M790.5,93.1c-59.3-5.3-116.8-18-192.6-50c-29.6-12.7-76.9-31-100.5-35.9c-23.6-4.9-52.6-7.8-75.5-5.3\n\tc-10.2,1.1-22.6,1.4-50.1,7.4c-27.2,6.3-58.2,16.6-79.4,24.7c-41.3,15.9-94.9,21.9-134,22.6C72,58.2,0,25.8,0,25.8V100h1000V65.3\n\tc0,0-51.5,19.4-106.2,25.7C839.5,97,814.1,95.2,790.5,93.1z\"\/>\n<\/svg>\t\t<\/div>\n\t\t\t\t\t<div class=\"elementor-container elementor-column-gap-default\">\n\t\t\t\t\t<div class=\"elementor-column elementor-col-33 elementor-top-column elementor-element elementor-element-8b23eea\" data-id=\"8b23eea\" data-element_type=\"column\" data-e-type=\"column\">\n\t\t\t<div class=\"elementor-widget-wrap elementor-element-populated\">\n\t\t\t\t\t\t<div class=\"elementor-element elementor-element-b2da07a elementor-widget elementor-widget-text-editor\" data-id=\"b2da07a\" data-element_type=\"widget\" data-e-type=\"widget\" data-widget_type=\"text-editor.default\">\n\t\t\t\t<div class=\"elementor-widget-container\">\n\t\t\t\t\t\t\t\t\t<h2>Financ\u00e9 par<\/h2>\nAMSSA tient \u00e0 remercier le gouvernement du Canada pour son soutien financier \u00e0 ce projet.\t\t\t\t\t\t\t\t<\/div>\n\t\t\t\t<\/div>\n\t\t\t\t\t<\/div>\n\t\t<\/div>\n\t\t\t\t<div class=\"elementor-column elementor-col-66 elementor-top-column elementor-element elementor-element-1cd6719 logos-cont\" data-id=\"1cd6719\" data-element_type=\"column\" data-e-type=\"column\">\n\t\t\t<div class=\"elementor-widget-wrap elementor-element-populated\">\n\t\t\t\t\t\t<section class=\"elementor-section elementor-inner-section elementor-element elementor-element-1471f04 supportedby elementor-section-boxed elementor-section-height-default elementor-section-height-default\" data-id=\"1471f04\" data-element_type=\"section\" data-e-type=\"section\">\n\t\t\t\t\t\t<div class=\"elementor-container elementor-column-gap-default\">\n\t\t\t\t\t<div class=\"elementor-column elementor-col-100 elementor-inner-column elementor-element elementor-element-6bc3718 logos-cont\" data-id=\"6bc3718\" data-element_type=\"column\" data-e-type=\"column\">\n\t\t\t<div class=\"elementor-widget-wrap elementor-element-populated\">\n\t\t\t\t\t\t<div class=\"elementor-element elementor-element-cbfe18b elementor-widget elementor-widget-image\" data-id=\"cbfe18b\" data-element_type=\"widget\" data-e-type=\"widget\" data-widget_type=\"image.default\">\n\t\t\t\t<div class=\"elementor-widget-container\">\n\t\t\t\t\t\t\t\t\t\t\t\t\t\t\t<img decoding=\"async\" width=\"300\" height=\"55\" src=\"https:\/\/access.amssa.org\/wp-content\/uploads\/2023\/03\/funde-by-ircc-print.jpg\" class=\"attachment-large size-large wp-image-957\" alt=\"\" \/>\t\t\t\t\t\t\t\t\t\t\t\t\t\t\t<\/div>\n\t\t\t\t<\/div>\n\t\t\t\t\t<\/div>\n\t\t<\/div>\n\t\t\t\t\t<\/div>\n\t\t<\/section>\n\t\t\t\t\t<\/div>\n\t\t<\/div>\n\t\t\t\t\t<\/div>\n\t\t<\/section>\n\t\t\t\t<\/div>\n\t\t","protected":false},"excerpt":{"rendered":"<p>VOUS AVEZ UN COMPTE? Vous avez oubli\u00e9 votre mot de passe? Cr\u00e9er un compte Financ\u00e9 par AMSSA tient \u00e0 remercier le gouvernement du Canada pour son soutien financier \u00e0 ce projet.<\/p>\n","protected":false},"author":1,"featured_media":0,"parent":0,"menu_order":0,"comment_status":"closed","ping_status":"closed","template":"","meta":{"_acf_changed":false,"inline_featured_image":false,"_genesis_hide_title":false,"_genesis_hide_breadcrumbs":false,"_genesis_hide_singular_image":false,"_genesis_hide_footer_widgets":false,"_genesis_custom_body_class":"","_genesis_custom_post_class":"","_genesis_layout":"","footnotes":""},"class_list":{"0":"post-729","1":"page","2":"type-page","3":"status-publish","5":"entry"},"acf":[],"_links":{"self":[{"href":"https:\/\/access.amssa.org\/fr\/wp-json\/wp\/v2\/pages\/729","targetHints":{"allow":["GET"]}}],"collection":[{"href":"https:\/\/access.amssa.org\/fr\/wp-json\/wp\/v2\/pages"}],"about":[{"href":"https:\/\/access.amssa.org\/fr\/wp-json\/wp\/v2\/types\/page"}],"author":[{"embeddable":true,"href":"https:\/\/access.amssa.org\/fr\/wp-json\/wp\/v2\/users\/1"}],"replies":[{"embeddable":true,"href":"https:\/\/access.amssa.org\/fr\/wp-json\/wp\/v2\/comments?post=729"}],"version-history":[{"count":36,"href":"https:\/\/access.amssa.org\/fr\/wp-json\/wp\/v2\/pages\/729\/revisions"}],"predecessor-version":[{"id":6313,"href":"https:\/\/access.amssa.org\/fr\/wp-json\/wp\/v2\/pages\/729\/revisions\/6313"}],"wp:attachment":[{"href":"https:\/\/access.amssa.org\/fr\/wp-json\/wp\/v2\/media?parent=729"}],"curies":[{"name":"wp","href":"https:\/\/api.w.org\/{rel}","templated":true}]}}